{"id":819,"date":"2025-12-07T19:38:32","date_gmt":"2025-12-07T18:38:32","guid":{"rendered":"https:\/\/spolek-bilka.cz\/uvod\/?page_id=819"},"modified":"2025-12-07T19:45:28","modified_gmt":"2025-12-07T18:45:28","slug":"v-bilce-pod-milesovkou-probehla-25-svatovaclavska-slavnost","status":"publish","type":"page","link":"https:\/\/spolek-bilka.cz\/uvod\/","title":{"rendered":"V B\u00edlce pod Mile\u0161ovkou prob\u011bhla 25. Svatov\u00e1clavsk\u00e1 slavnost."},"content":{"rendered":"\n<figure class=\"wp-block-gallery has-nested-images columns-default is-cropped wp-block-gallery-1 is-layout-flex wp-block-gallery-is-layout-flex\">\n<figure class=\"wp-block-image size-large is-style-default\"><img loading=\"lazy\" decoding=\"async\" width=\"640\" height=\"480\" data-id=\"821\" src=\"https:\/\/spolek-bilka.cz\/wp-content\/uploads\/2025\/12\/IMG_4649.jpg\" alt=\"\" class=\"wp-image-821\" srcset=\"https:\/\/spolek-bilka.cz\/wp-content\/uploads\/2025\/12\/IMG_4649.jpg 640w, https:\/\/spolek-bilka.cz\/wp-content\/uploads\/2025\/12\/IMG_4649-300x225.jpg 300w\" sizes=\"auto, (max-width: 640px) 100vw, 640px\" \/><\/figure>\n\n\n\n<figure class=\"wp-block-image size-large\"><img loading=\"lazy\" decoding=\"async\" width=\"640\" height=\"480\" data-id=\"820\" src=\"https:\/\/spolek-bilka.cz\/wp-content\/uploads\/2025\/12\/IMG_4641.jpg\" alt=\"\" class=\"wp-image-820\" srcset=\"https:\/\/spolek-bilka.cz\/wp-content\/uploads\/2025\/12\/IMG_4641.jpg 640w, https:\/\/spolek-bilka.cz\/wp-content\/uploads\/2025\/12\/IMG_4641-300x225.jpg 300w\" sizes=\"auto, (max-width: 640px) 100vw, 640px\" \/><\/figure>\n\n\n\n<figure class=\"wp-block-image size-large\"><img loading=\"lazy\" decoding=\"async\" width=\"640\" height=\"480\" data-id=\"823\" src=\"https:\/\/spolek-bilka.cz\/wp-content\/uploads\/2025\/12\/IMG_4666.jpg\" alt=\"\" class=\"wp-image-823\" srcset=\"https:\/\/spolek-bilka.cz\/wp-content\/uploads\/2025\/12\/IMG_4666.jpg 640w, https:\/\/spolek-bilka.cz\/wp-content\/uploads\/2025\/12\/IMG_4666-300x225.jpg 300w\" sizes=\"auto, (max-width: 640px) 100vw, 640px\" \/><\/figure>\n\n\n\n<figure class=\"wp-block-image size-large\"><img loading=\"lazy\" decoding=\"async\" width=\"640\" height=\"480\" data-id=\"826\" src=\"https:\/\/spolek-bilka.cz\/wp-content\/uploads\/2025\/12\/IMG_4690.jpg\" alt=\"\" class=\"wp-image-826\" srcset=\"https:\/\/spolek-bilka.cz\/wp-content\/uploads\/2025\/12\/IMG_4690.jpg 640w, https:\/\/spolek-bilka.cz\/wp-content\/uploads\/2025\/12\/IMG_4690-300x225.jpg 300w\" sizes=\"auto, (max-width: 640px) 100vw, 640px\" \/><\/figure>\n\n\n\n<figure class=\"wp-block-image size-large\"><img loading=\"lazy\" decoding=\"async\" width=\"640\" height=\"480\" data-id=\"822\" src=\"https:\/\/spolek-bilka.cz\/wp-content\/uploads\/2025\/12\/IMG_4652.jpg\" alt=\"\" class=\"wp-image-822\" srcset=\"https:\/\/spolek-bilka.cz\/wp-content\/uploads\/2025\/12\/IMG_4652.jpg 640w, https:\/\/spolek-bilka.cz\/wp-content\/uploads\/2025\/12\/IMG_4652-300x225.jpg 300w\" sizes=\"auto, (max-width: 640px) 100vw, 640px\" \/><\/figure>\n\n\n\n<figure class=\"wp-block-image size-large\"><img loading=\"lazy\" decoding=\"async\" width=\"640\" height=\"480\" data-id=\"825\" src=\"https:\/\/spolek-bilka.cz\/wp-content\/uploads\/2025\/12\/IMG_4682.jpg\" alt=\"\" class=\"wp-image-825\" srcset=\"https:\/\/spolek-bilka.cz\/wp-content\/uploads\/2025\/12\/IMG_4682.jpg 640w, https:\/\/spolek-bilka.cz\/wp-content\/uploads\/2025\/12\/IMG_4682-300x225.jpg 300w\" sizes=\"auto, (max-width: 640px) 100vw, 640px\" \/><\/figure>\n\n\n\n<figure class=\"wp-block-image size-large\"><img loading=\"lazy\" decoding=\"async\" width=\"640\" height=\"480\" data-id=\"824\" src=\"https:\/\/spolek-bilka.cz\/wp-content\/uploads\/2025\/12\/IMG_4678.jpg\" alt=\"\" class=\"wp-image-824\" srcset=\"https:\/\/spolek-bilka.cz\/wp-content\/uploads\/2025\/12\/IMG_4678.jpg 640w, https:\/\/spolek-bilka.cz\/wp-content\/uploads\/2025\/12\/IMG_4678-300x225.jpg 300w\" sizes=\"auto, (max-width: 640px) 100vw, 640px\" \/><\/figure>\n\n\n\n<figure class=\"wp-block-image size-large\"><img loading=\"lazy\" decoding=\"async\" width=\"700\" height=\"465\" data-id=\"827\" src=\"https:\/\/spolek-bilka.cz\/wp-content\/uploads\/2025\/12\/IMG-20250928-WA0000-700x465.jpg\" alt=\"\" class=\"wp-image-827\" srcset=\"https:\/\/spolek-bilka.cz\/wp-content\/uploads\/2025\/12\/IMG-20250928-WA0000-700x465.jpg 700w, https:\/\/spolek-bilka.cz\/wp-content\/uploads\/2025\/12\/IMG-20250928-WA0000-300x199.jpg 300w, https:\/\/spolek-bilka.cz\/wp-content\/uploads\/2025\/12\/IMG-20250928-WA0000-768x510.jpg 768w, https:\/\/spolek-bilka.cz\/wp-content\/uploads\/2025\/12\/IMG-20250928-WA0000-1536x1020.jpg 1536w, https:\/\/spolek-bilka.cz\/wp-content\/uploads\/2025\/12\/IMG-20250928-WA0000.jpg 1600w\" sizes=\"auto, (max-width: 700px) 100vw, 700px\" \/><\/figure>\n\n\n\n<figure class=\"wp-block-image size-large\"><img loading=\"lazy\" decoding=\"async\" width=\"700\" height=\"465\" data-id=\"828\" src=\"https:\/\/spolek-bilka.cz\/wp-content\/uploads\/2025\/12\/IMG-20250928-WA0002-700x465.jpg\" alt=\"\" class=\"wp-image-828\" srcset=\"https:\/\/spolek-bilka.cz\/wp-content\/uploads\/2025\/12\/IMG-20250928-WA0002-700x465.jpg 700w, https:\/\/spolek-bilka.cz\/wp-content\/uploads\/2025\/12\/IMG-20250928-WA0002-300x199.jpg 300w, https:\/\/spolek-bilka.cz\/wp-content\/uploads\/2025\/12\/IMG-20250928-WA0002-768x510.jpg 768w, https:\/\/spolek-bilka.cz\/wp-content\/uploads\/2025\/12\/IMG-20250928-WA0002-1536x1020.jpg 1536w, https:\/\/spolek-bilka.cz\/wp-content\/uploads\/2025\/12\/IMG-20250928-WA0002.jpg 1600w\" sizes=\"auto, (max-width: 700px) 100vw, 700px\" \/><\/figure>\n\n\n\n<figure class=\"wp-block-image size-large\"><img loading=\"lazy\" decoding=\"async\" width=\"700\" height=\"1054\" data-id=\"829\" src=\"https:\/\/spolek-bilka.cz\/wp-content\/uploads\/2025\/12\/IMG-20250928-WA00101-700x1054.jpg\" alt=\"\" class=\"wp-image-829\" srcset=\"https:\/\/spolek-bilka.cz\/wp-content\/uploads\/2025\/12\/IMG-20250928-WA00101-700x1054.jpg 700w, https:\/\/spolek-bilka.cz\/wp-content\/uploads\/2025\/12\/IMG-20250928-WA00101-199x300.jpg 199w, https:\/\/spolek-bilka.cz\/wp-content\/uploads\/2025\/12\/IMG-20250928-WA00101-768x1156.jpg 768w, https:\/\/spolek-bilka.cz\/wp-content\/uploads\/2025\/12\/IMG-20250928-WA00101-1020x1536.jpg 1020w, https:\/\/spolek-bilka.cz\/wp-content\/uploads\/2025\/12\/IMG-20250928-WA00101.jpg 1063w\" sizes=\"auto, (max-width: 700px) 100vw, 700px\" \/><\/figure>\n\n\n\n<figure class=\"wp-block-image size-large\"><img loading=\"lazy\" decoding=\"async\" width=\"700\" height=\"465\" data-id=\"830\" src=\"https:\/\/spolek-bilka.cz\/wp-content\/uploads\/2025\/12\/IMG-20250928-WA0011-700x465.jpg\" alt=\"\" class=\"wp-image-830\" srcset=\"https:\/\/spolek-bilka.cz\/wp-content\/uploads\/2025\/12\/IMG-20250928-WA0011-700x465.jpg 700w, https:\/\/spolek-bilka.cz\/wp-content\/uploads\/2025\/12\/IMG-20250928-WA0011-300x199.jpg 300w, https:\/\/spolek-bilka.cz\/wp-content\/uploads\/2025\/12\/IMG-20250928-WA0011-768x510.jpg 768w, https:\/\/spolek-bilka.cz\/wp-content\/uploads\/2025\/12\/IMG-20250928-WA0011-1536x1020.jpg 1536w, https:\/\/spolek-bilka.cz\/wp-content\/uploads\/2025\/12\/IMG-20250928-WA0011.jpg 1600w\" sizes=\"auto, (max-width: 700px) 100vw, 700px\" \/><\/figure>\n\n\n\n<figure class=\"wp-block-image size-large\"><img loading=\"lazy\" decoding=\"async\" width=\"700\" height=\"465\" data-id=\"831\" src=\"https:\/\/spolek-bilka.cz\/wp-content\/uploads\/2025\/12\/IMG-20250928-WA0014-700x465.jpg\" alt=\"\" class=\"wp-image-831\" srcset=\"https:\/\/spolek-bilka.cz\/wp-content\/uploads\/2025\/12\/IMG-20250928-WA0014-700x465.jpg 700w, https:\/\/spolek-bilka.cz\/wp-content\/uploads\/2025\/12\/IMG-20250928-WA0014-300x199.jpg 300w, https:\/\/spolek-bilka.cz\/wp-content\/uploads\/2025\/12\/IMG-20250928-WA0014-768x510.jpg 768w, https:\/\/spolek-bilka.cz\/wp-content\/uploads\/2025\/12\/IMG-20250928-WA0014-1536x1020.jpg 1536w, https:\/\/spolek-bilka.cz\/wp-content\/uploads\/2025\/12\/IMG-20250928-WA0014.jpg 1600w\" sizes=\"auto, (max-width: 700px) 100vw, 700px\" \/><\/figure>\n\n\n\n<figure class=\"wp-block-image size-large\"><img loading=\"lazy\" decoding=\"async\" width=\"700\" height=\"465\" data-id=\"832\" src=\"https:\/\/spolek-bilka.cz\/wp-content\/uploads\/2025\/12\/IMG-20250928-WA0015-700x465.jpg\" alt=\"\" class=\"wp-image-832\" srcset=\"https:\/\/spolek-bilka.cz\/wp-content\/uploads\/2025\/12\/IMG-20250928-WA0015-700x465.jpg 700w, https:\/\/spolek-bilka.cz\/wp-content\/uploads\/2025\/12\/IMG-20250928-WA0015-300x199.jpg 300w, https:\/\/spolek-bilka.cz\/wp-content\/uploads\/2025\/12\/IMG-20250928-WA0015-768x510.jpg 768w, https:\/\/spolek-bilka.cz\/wp-content\/uploads\/2025\/12\/IMG-20250928-WA0015-1536x1020.jpg 1536w, https:\/\/spolek-bilka.cz\/wp-content\/uploads\/2025\/12\/IMG-20250928-WA0015.jpg 1600w\" sizes=\"auto, (max-width: 700px) 100vw, 700px\" \/><\/figure>\n\n\n\n<figure class=\"wp-block-image size-large\"><img loading=\"lazy\" decoding=\"async\" width=\"700\" height=\"1054\" data-id=\"833\" src=\"https:\/\/spolek-bilka.cz\/wp-content\/uploads\/2025\/12\/IMG-20250928-WA0020-700x1054.jpg\" alt=\"\" class=\"wp-image-833\" srcset=\"https:\/\/spolek-bilka.cz\/wp-content\/uploads\/2025\/12\/IMG-20250928-WA0020-700x1054.jpg 700w, https:\/\/spolek-bilka.cz\/wp-content\/uploads\/2025\/12\/IMG-20250928-WA0020-199x300.jpg 199w, https:\/\/spolek-bilka.cz\/wp-content\/uploads\/2025\/12\/IMG-20250928-WA0020-768x1156.jpg 768w, https:\/\/spolek-bilka.cz\/wp-content\/uploads\/2025\/12\/IMG-20250928-WA0020-1020x1536.jpg 1020w, https:\/\/spolek-bilka.cz\/wp-content\/uploads\/2025\/12\/IMG-20250928-WA0020.jpg 1063w\" sizes=\"auto, (max-width: 700px) 100vw, 700px\" \/><\/figure>\n\n\n\n<figure class=\"wp-block-image size-large\"><img loading=\"lazy\" decoding=\"async\" width=\"700\" height=\"465\" data-id=\"834\" src=\"https:\/\/spolek-bilka.cz\/wp-content\/uploads\/2025\/12\/IMG-20250928-WA0025-700x465.jpg\" alt=\"\" class=\"wp-image-834\" srcset=\"https:\/\/spolek-bilka.cz\/wp-content\/uploads\/2025\/12\/IMG-20250928-WA0025-700x465.jpg 700w, https:\/\/spolek-bilka.cz\/wp-content\/uploads\/2025\/12\/IMG-20250928-WA0025-300x199.jpg 300w, https:\/\/spolek-bilka.cz\/wp-content\/uploads\/2025\/12\/IMG-20250928-WA0025-768x510.jpg 768w, https:\/\/spolek-bilka.cz\/wp-content\/uploads\/2025\/12\/IMG-20250928-WA0025-1536x1020.jpg 1536w, https:\/\/spolek-bilka.cz\/wp-content\/uploads\/2025\/12\/IMG-20250928-WA0025.jpg 1600w\" sizes=\"auto, (max-width: 700px) 100vw, 700px\" \/><\/figure>\n\n\n\n<figure class=\"wp-block-image size-large\"><img loading=\"lazy\" decoding=\"async\" width=\"700\" height=\"1054\" data-id=\"835\" src=\"https:\/\/spolek-bilka.cz\/wp-content\/uploads\/2025\/12\/IMG-20250928-WA0026-700x1054.jpg\" alt=\"\" class=\"wp-image-835\" srcset=\"https:\/\/spolek-bilka.cz\/wp-content\/uploads\/2025\/12\/IMG-20250928-WA0026-700x1054.jpg 700w, https:\/\/spolek-bilka.cz\/wp-content\/uploads\/2025\/12\/IMG-20250928-WA0026-199x300.jpg 199w, https:\/\/spolek-bilka.cz\/wp-content\/uploads\/2025\/12\/IMG-20250928-WA0026-768x1156.jpg 768w, https:\/\/spolek-bilka.cz\/wp-content\/uploads\/2025\/12\/IMG-20250928-WA0026-1020x1536.jpg 1020w, https:\/\/spolek-bilka.cz\/wp-content\/uploads\/2025\/12\/IMG-20250928-WA0026.jpg 1063w\" sizes=\"auto, (max-width: 700px) 100vw, 700px\" \/><\/figure>\n\n\n\n<figure class=\"wp-block-image size-large\"><img loading=\"lazy\" decoding=\"async\" width=\"700\" height=\"465\" data-id=\"836\" src=\"https:\/\/spolek-bilka.cz\/wp-content\/uploads\/2025\/12\/IMG-20250928-WA0031-700x465.jpg\" alt=\"\" class=\"wp-image-836\" srcset=\"https:\/\/spolek-bilka.cz\/wp-content\/uploads\/2025\/12\/IMG-20250928-WA0031-700x465.jpg 700w, https:\/\/spolek-bilka.cz\/wp-content\/uploads\/2025\/12\/IMG-20250928-WA0031-300x199.jpg 300w, https:\/\/spolek-bilka.cz\/wp-content\/uploads\/2025\/12\/IMG-20250928-WA0031-768x510.jpg 768w, https:\/\/spolek-bilka.cz\/wp-content\/uploads\/2025\/12\/IMG-20250928-WA0031-1536x1020.jpg 1536w, https:\/\/spolek-bilka.cz\/wp-content\/uploads\/2025\/12\/IMG-20250928-WA0031.jpg 1600w\" sizes=\"auto, (max-width: 700px) 100vw, 700px\" \/><\/figure>\n\n\n\n<figure class=\"wp-block-image size-large\"><img loading=\"lazy\" decoding=\"async\" width=\"700\" height=\"465\" data-id=\"837\" src=\"https:\/\/spolek-bilka.cz\/wp-content\/uploads\/2025\/12\/IMG-20250928-WA0034-700x465.jpg\" alt=\"\" class=\"wp-image-837\" srcset=\"https:\/\/spolek-bilka.cz\/wp-content\/uploads\/2025\/12\/IMG-20250928-WA0034-700x465.jpg 700w, https:\/\/spolek-bilka.cz\/wp-content\/uploads\/2025\/12\/IMG-20250928-WA0034-300x199.jpg 300w, https:\/\/spolek-bilka.cz\/wp-content\/uploads\/2025\/12\/IMG-20250928-WA0034-768x510.jpg 768w, https:\/\/spolek-bilka.cz\/wp-content\/uploads\/2025\/12\/IMG-20250928-WA0034-1536x1020.jpg 1536w, https:\/\/spolek-bilka.cz\/wp-content\/uploads\/2025\/12\/IMG-20250928-WA0034.jpg 1600w\" sizes=\"auto, (max-width: 700px) 100vw, 700px\" \/><\/figure>\n\n\n\n<figure class=\"wp-block-image size-large\"><img loading=\"lazy\" decoding=\"async\" width=\"700\" height=\"465\" data-id=\"838\" src=\"https:\/\/spolek-bilka.cz\/wp-content\/uploads\/2025\/12\/IMG-20250928-WA0042-700x465.jpg\" alt=\"\" class=\"wp-image-838\" srcset=\"https:\/\/spolek-bilka.cz\/wp-content\/uploads\/2025\/12\/IMG-20250928-WA0042-700x465.jpg 700w, https:\/\/spolek-bilka.cz\/wp-content\/uploads\/2025\/12\/IMG-20250928-WA0042-300x199.jpg 300w, https:\/\/spolek-bilka.cz\/wp-content\/uploads\/2025\/12\/IMG-20250928-WA0042-768x510.jpg 768w, https:\/\/spolek-bilka.cz\/wp-content\/uploads\/2025\/12\/IMG-20250928-WA0042-1536x1020.jpg 1536w, https:\/\/spolek-bilka.cz\/wp-content\/uploads\/2025\/12\/IMG-20250928-WA0042.jpg 1600w\" sizes=\"auto, (max-width: 700px) 100vw, 700px\" \/><\/figure>\n<\/figure>\n\n\n\n<figure class=\"wp-block-image size-full is-resized\"><img loading=\"lazy\" decoding=\"async\" width=\"529\" height=\"1134\" src=\"https:\/\/spolek-bilka.cz\/wp-content\/uploads\/2025\/12\/Bilka-Pozvanka-2025-3-2-pdf.jpg\" alt=\"\" class=\"wp-image-841\" style=\"aspect-ratio:0.46649201385954536;width:690px;height:auto\"\/><\/figure>\n","protected":false},"excerpt":{"rendered":"","protected":false},"author":1,"featured_media":459,"parent":0,"menu_order":0,"comment_status":"closed","ping_status":"closed","template":"","meta":{"ngg_post_thumbnail":0,"footnotes":""},"class_list":["post-819","page","type-page","status-publish","has-post-thumbnail","hentry"],"_links":{"self":[{"href":"https:\/\/spolek-bilka.cz\/uvod\/wp-json\/wp\/v2\/pages\/819","targetHints":{"allow":["GET"]}}],"collection":[{"href":"https:\/\/spolek-bilka.cz\/uvod\/wp-json\/wp\/v2\/pages"}],"about":[{"href":"https:\/\/spolek-bilka.cz\/uvod\/wp-json\/wp\/v2\/types\/page"}],"author":[{"embeddable":true,"href":"https:\/\/spolek-bilka.cz\/uvod\/wp-json\/wp\/v2\/users\/1"}],"replies":[{"embeddable":true,"href":"https:\/\/spolek-bilka.cz\/uvod\/wp-json\/wp\/v2\/comments?post=819"}],"version-history":[{"count":3,"href":"https:\/\/spolek-bilka.cz\/uvod\/wp-json\/wp\/v2\/pages\/819\/revisions"}],"predecessor-version":[{"id":846,"href":"https:\/\/spolek-bilka.cz\/uvod\/wp-json\/wp\/v2\/pages\/819\/revisions\/846"}],"wp:featuredmedia":[{"embeddable":true,"href":"https:\/\/spolek-bilka.cz\/uvod\/wp-json\/wp\/v2\/media\/459"}],"wp:attachment":[{"href":"https:\/\/spolek-bilka.cz\/uvod\/wp-json\/wp\/v2\/media?parent=819"}],"curies":[{"name":"wp","href":"https:\/\/api.w.org\/{rel}","templated":true}]}}