{"id":748,"date":"2024-03-16T20:51:50","date_gmt":"2024-03-16T19:51:50","guid":{"rendered":"https:\/\/spolek-bilka.cz\/uvod\/?page_id=748"},"modified":"2024-10-02T17:45:42","modified_gmt":"2024-10-02T15:45:42","slug":"pripravujume-pro-vas-24-svatovaclavskou-slavnost-dne-28-9-2024","status":"publish","type":"page","link":"https:\/\/spolek-bilka.cz\/uvod\/pripravujume-pro-vas-24-svatovaclavskou-slavnost-dne-28-9-2024\/","title":{"rendered":"V B\u00edlce pod Mile\u0161ovkou prob\u011bhla 24. Svatov\u00e1clavsk\u00e1 slavnost."},"content":{"rendered":"\nngg_shortcode_0_placeholder\n\n\n\n<figure class=\"wp-block-image size-large\"><img loading=\"lazy\" decoding=\"async\" width=\"700\" height=\"1499\" src=\"https:\/\/spolek-bilka.cz\/wp-content\/uploads\/2024\/09\/Bilka-Pozvanka-2024-700x1499.jpeg\" alt=\"\" class=\"wp-image-756\" srcset=\"https:\/\/spolek-bilka.cz\/wp-content\/uploads\/2024\/09\/Bilka-Pozvanka-2024-700x1499.jpeg 700w, https:\/\/spolek-bilka.cz\/wp-content\/uploads\/2024\/09\/Bilka-Pozvanka-2024-140x300.jpeg 140w, https:\/\/spolek-bilka.cz\/wp-content\/uploads\/2024\/09\/Bilka-Pozvanka-2024-768x1644.jpeg 768w, https:\/\/spolek-bilka.cz\/wp-content\/uploads\/2024\/09\/Bilka-Pozvanka-2024-717x1536.jpeg 717w, https:\/\/spolek-bilka.cz\/wp-content\/uploads\/2024\/09\/Bilka-Pozvanka-2024-957x2048.jpeg 957w, https:\/\/spolek-bilka.cz\/wp-content\/uploads\/2024\/09\/Bilka-Pozvanka-2024-scaled.jpeg 1196w\" sizes=\"auto, (max-width: 700px) 100vw, 700px\" \/><\/figure>\n","protected":false},"excerpt":{"rendered":"","protected":false},"author":1,"featured_media":0,"parent":0,"menu_order":0,"comment_status":"closed","ping_status":"closed","template":"","meta":{"ngg_post_thumbnail":0,"footnotes":""},"class_list":["post-748","page","type-page","status-publish","hentry"],"_links":{"self":[{"href":"https:\/\/spolek-bilka.cz\/uvod\/wp-json\/wp\/v2\/pages\/748","targetHints":{"allow":["GET"]}}],"collection":[{"href":"https:\/\/spolek-bilka.cz\/uvod\/wp-json\/wp\/v2\/pages"}],"about":[{"href":"https:\/\/spolek-bilka.cz\/uvod\/wp-json\/wp\/v2\/types\/page"}],"author":[{"embeddable":true,"href":"https:\/\/spolek-bilka.cz\/uvod\/wp-json\/wp\/v2\/users\/1"}],"replies":[{"embeddable":true,"href":"https:\/\/spolek-bilka.cz\/uvod\/wp-json\/wp\/v2\/comments?post=748"}],"version-history":[{"count":7,"href":"https:\/\/spolek-bilka.cz\/uvod\/wp-json\/wp\/v2\/pages\/748\/revisions"}],"predecessor-version":[{"id":817,"href":"https:\/\/spolek-bilka.cz\/uvod\/wp-json\/wp\/v2\/pages\/748\/revisions\/817"}],"wp:attachment":[{"href":"https:\/\/spolek-bilka.cz\/uvod\/wp-json\/wp\/v2\/media?parent=748"}],"curies":[{"name":"wp","href":"https:\/\/api.w.org\/{rel}","templated":true}]}}