{"id":710,"date":"2023-01-23T20:00:18","date_gmt":"2023-01-23T19:00:18","guid":{"rendered":"https:\/\/spolek-bilka.cz\/uvod\/?page_id=710"},"modified":"2023-01-23T20:06:19","modified_gmt":"2023-01-23T19:06:19","slug":"v-bilce-pod-milesovkou-probehla-22-svatovaclavska-slavnost","status":"publish","type":"page","link":"https:\/\/spolek-bilka.cz\/uvod\/v-bilce-pod-milesovkou-probehla-22-svatovaclavska-slavnost\/","title":{"rendered":"V B\u00edlce pod Mile\u0161ovkou prob\u011bhla 22. Svatov\u00e1clavsk\u00e1 slavnost"},"content":{"rendered":"\n<figure class=\"wp-block-image size-large\"><img loading=\"lazy\" decoding=\"async\" width=\"700\" height=\"1499\" src=\"http:\/\/spolek-bilka.cz\/wp-content\/uploads\/2022\/09\/B5D590B8-FE2C-42EE-94A5-79322FDEE396-700x1499.jpeg\" alt=\"\" class=\"wp-image-706\" srcset=\"https:\/\/spolek-bilka.cz\/wp-content\/uploads\/2022\/09\/B5D590B8-FE2C-42EE-94A5-79322FDEE396-700x1499.jpeg 700w, https:\/\/spolek-bilka.cz\/wp-content\/uploads\/2022\/09\/B5D590B8-FE2C-42EE-94A5-79322FDEE396-140x300.jpeg 140w, https:\/\/spolek-bilka.cz\/wp-content\/uploads\/2022\/09\/B5D590B8-FE2C-42EE-94A5-79322FDEE396-768x1644.jpeg 768w, https:\/\/spolek-bilka.cz\/wp-content\/uploads\/2022\/09\/B5D590B8-FE2C-42EE-94A5-79322FDEE396-717x1536.jpeg 717w, https:\/\/spolek-bilka.cz\/wp-content\/uploads\/2022\/09\/B5D590B8-FE2C-42EE-94A5-79322FDEE396.jpeg 800w\" sizes=\"auto, (max-width: 700px) 100vw, 700px\" \/><\/figure>\n","protected":false},"excerpt":{"rendered":"","protected":false},"author":1,"featured_media":0,"parent":0,"menu_order":0,"comment_status":"closed","ping_status":"closed","template":"","meta":{"ngg_post_thumbnail":0,"footnotes":""},"class_list":["post-710","page","type-page","status-publish","hentry"],"_links":{"self":[{"href":"https:\/\/spolek-bilka.cz\/uvod\/wp-json\/wp\/v2\/pages\/710","targetHints":{"allow":["GET"]}}],"collection":[{"href":"https:\/\/spolek-bilka.cz\/uvod\/wp-json\/wp\/v2\/pages"}],"about":[{"href":"https:\/\/spolek-bilka.cz\/uvod\/wp-json\/wp\/v2\/types\/page"}],"author":[{"embeddable":true,"href":"https:\/\/spolek-bilka.cz\/uvod\/wp-json\/wp\/v2\/users\/1"}],"replies":[{"embeddable":true,"href":"https:\/\/spolek-bilka.cz\/uvod\/wp-json\/wp\/v2\/comments?post=710"}],"version-history":[{"count":2,"href":"https:\/\/spolek-bilka.cz\/uvod\/wp-json\/wp\/v2\/pages\/710\/revisions"}],"predecessor-version":[{"id":715,"href":"https:\/\/spolek-bilka.cz\/uvod\/wp-json\/wp\/v2\/pages\/710\/revisions\/715"}],"wp:attachment":[{"href":"https:\/\/spolek-bilka.cz\/uvod\/wp-json\/wp\/v2\/media?parent=710"}],"curies":[{"name":"wp","href":"https:\/\/api.w.org\/{rel}","templated":true}]}}