{"id":691,"date":"2022-07-24T14:40:42","date_gmt":"2022-07-24T12:40:42","guid":{"rendered":"http:\/\/spolek-bilka.cz\/uvod\/?page_id=691"},"modified":"2024-10-02T17:39:25","modified_gmt":"2024-10-02T15:39:25","slug":"pripravujume-pro-vas-22-svatovaclavskou-slavnost-dne-24-9-2022","status":"publish","type":"page","link":"https:\/\/spolek-bilka.cz\/uvod\/pripravujume-pro-vas-22-svatovaclavskou-slavnost-dne-24-9-2022\/","title":{"rendered":"V B\u00edlce pod Mile\u0161ovkou prob\u011bhla 23. Svatov\u00e1clavsk\u00e1 slavnost."},"content":{"rendered":"\n<div class=\"wp-block-columns is-layout-flex wp-container-core-columns-is-layout-9d6595d7 wp-block-columns-is-layout-flex\">\n<div class=\"wp-block-column is-layout-flow wp-block-column-is-layout-flow\" style=\"flex-basis:100%\">\nngg_shortcode_0_placeholder\n<\/div>\n<\/div>\n\n\n\n<figure class=\"wp-block-image size-full\"><img loading=\"lazy\" decoding=\"async\" width=\"467\" height=\"1000\" src=\"https:\/\/spolek-bilka.cz\/wp-content\/uploads\/2024\/10\/Bilka-Pozvanka-2023-2.jpg\" alt=\"\" class=\"wp-image-802\" srcset=\"https:\/\/spolek-bilka.cz\/wp-content\/uploads\/2024\/10\/Bilka-Pozvanka-2023-2.jpg 467w, https:\/\/spolek-bilka.cz\/wp-content\/uploads\/2024\/10\/Bilka-Pozvanka-2023-2-140x300.jpg 140w\" sizes=\"auto, (max-width: 467px) 100vw, 467px\" \/><\/figure>\n\n\n\n<p><\/p>\n","protected":false},"excerpt":{"rendered":"","protected":false},"author":1,"featured_media":0,"parent":0,"menu_order":0,"comment_status":"closed","ping_status":"closed","template":"","meta":{"ngg_post_thumbnail":0,"footnotes":""},"class_list":["post-691","page","type-page","status-publish","hentry"],"_links":{"self":[{"href":"https:\/\/spolek-bilka.cz\/uvod\/wp-json\/wp\/v2\/pages\/691","targetHints":{"allow":["GET"]}}],"collection":[{"href":"https:\/\/spolek-bilka.cz\/uvod\/wp-json\/wp\/v2\/pages"}],"about":[{"href":"https:\/\/spolek-bilka.cz\/uvod\/wp-json\/wp\/v2\/types\/page"}],"author":[{"embeddable":true,"href":"https:\/\/spolek-bilka.cz\/uvod\/wp-json\/wp\/v2\/users\/1"}],"replies":[{"embeddable":true,"href":"https:\/\/spolek-bilka.cz\/uvod\/wp-json\/wp\/v2\/comments?post=691"}],"version-history":[{"count":13,"href":"https:\/\/spolek-bilka.cz\/uvod\/wp-json\/wp\/v2\/pages\/691\/revisions"}],"predecessor-version":[{"id":803,"href":"https:\/\/spolek-bilka.cz\/uvod\/wp-json\/wp\/v2\/pages\/691\/revisions\/803"}],"wp:attachment":[{"href":"https:\/\/spolek-bilka.cz\/uvod\/wp-json\/wp\/v2\/media?parent=691"}],"curies":[{"name":"wp","href":"https:\/\/api.w.org\/{rel}","templated":true}]}}