{"id":684,"date":"2022-03-02T19:49:02","date_gmt":"2022-03-02T18:49:02","guid":{"rendered":"https:\/\/spolek-bilka.cz\/uvod\/?page_id=684"},"modified":"2022-03-02T20:12:48","modified_gmt":"2022-03-02T19:12:48","slug":"sponzori","status":"publish","type":"page","link":"https:\/\/spolek-bilka.cz\/uvod\/sponzori\/","title":{"rendered":"Sponzo\u0159i v\u00fdstavby kaple"},"content":{"rendered":"\n<p>Sponzo\u0159i<\/p>\n\n\n\n<p>Anto\u0161 Jan, starosta Bo\u0159islav \u2013 Antikvari\u00e1t Teplice \u2013 Atelier Praha \u2013 Ing. Balon Karel, B\u00edlka \u2013 Mgr. Barto\u0161kov\u00e1 V\u011bra, Duchcov \u2013 Ing. Bruncl\u00edk Jind\u0159ich, B\u00edlina \u2013 Deutsches Rotes Kreuz, Frankfurt\/NSR \u2013 Den\u00edk Sm\u011br, \u00dast\u00ed nad Labem \u2013 Den\u00edk MF Praha \u2013 PhD. Frost Helena, Indian Wells\/USA \u2013 Frost Jack, Indian Wells\/USA \u2013 Dipl. Ing. Gabriel Karel, Bruchmuhl\/N\u011bmecko&nbsp; \u2013 Ing. P.Bou\u0161ka \u2013 Ing. P.Havala \u2013 p. Limberkov\u00e1, V\u00fdzkumn\u00fd \u00fastav &#8211; Odd\u011blen\u00ed zu\u0161lecht\u011bn\u00e9ho skla Teplice \u2013 Hala\u0161ka Eva, Stockholm\/\u0160v\u00e9dsko \u2013 PhDr. Hlav\u00e1\u010dkov\u00e1 Miroslava, Roudnice \u2013 Hostinec Lada, Bo\u0159islav \u2013 Hotel pod Mile\u0161ovkou, Bo\u0159islav \u2013 H\u00f6fer Dragan, Oberursel\/N\u011bmecko \u2013 Jaku\u0161eva-Koblasa Sofia, Hamburk\/N\u011bmecko \u2013 akad.arch. Jav\u016frek Ji\u0159\u00ed, Praha \u2013 Jav\u016frkov\u00e1 Ivana, Praha \u2013 Kend\u00edkov\u00e1 Jarmila, Liberec \u2013 Prof. Koblasa Jan, Hamburk\/N\u011bmecko \u2013 PhDr. Koblasa Jaroslav, Teplice \u2013 Dipl. Ing. Koci\u00e1n Petr, Erfstadt\/N\u011bmecko \u2013 Koukal Pavel, Duchcov \u2013 Koukl Josef, biskup Litom\u011b\u0159ick\u00fd, Biskupstv\u00ed litom\u011b\u0159ick\u00e9 \u2013 Krej\u010d\u00edk Rudolf, re\u017eis\u00e9r, Praha \u2013 Krej\u010d\u00edkov\u00e1 Ariana, Praha \u2013 Ing. arch. Kubi\u0161 Kamil, Praha \u2013 Ing. arch. Kub\u00ed\u010dek Bohumil, Liberec \u2013&nbsp; Ing. arch. Kubovsk\u00fd Josef, Skokovy \u2013 Kudrna Ji\u0159\u00ed, Rakovn\u00edk \u2013 Kurka Anneliese, Morfelden\/N\u011bmecko \u2013 Kurkov\u00e1 Eva, Teplice \u2013 Ing. K\u00fchnel Kurt, Teplice \u2013 hudebn\u00ed skladatel Kymli\u010dka Milan, Praha\/Toronto\/Kanada \u2013 Kymli\u010dkov\u00e1 Marie, Toronto\/Kanada \u2013 Ing. Landa P\u0159emysl, Praha \u2013 Landov\u00e1 Milena, Praha \u2013 Dr. Lohmar Elmar, H\u00fcrth\/N\u011bmecko \u2013 Lohmar Ursula, K\u00f6ln\/N\u011bmecko \u2013 Lohmar Julian, K\u00f6ln\/N\u011bmecko &#8211;&nbsp; Nosek Karel, dirigent, \u010cesk\u00e9 Bud\u011bjovice \u2013 Arch. Noskov\u00e1 Irena, K\u00f6ln\/N\u011bmecko \u2013 Noskov\u00e1 Marie, \u010cesk\u00e9 Bud\u011bjovice \u2013 Novotn\u00fd Milo\u0161, Teplice \u2013 Obecn\u00ed \u00fa\u0159ad Teplice \u2013 MUDr. Pane\u0161 V\u00e1clav, Teplice \u2013 Dr.Jur. Peters Gerti, K\u00f6ln\/N\u011bmecko \u2013 Prof. Dr. Poncar Jaroslav Litom\u011b\u0159ice, K\u00f6ln\/N\u011bmecko \u2013 Pet\u0159\u00edkov\u00e1 Ludmila, redaktorka, Teplice \u2013 Polygon, Z\u00fcrich\/\u0160v\u00fdcarsko \u2013 Prager Zeitung Praha \u2013 Ressl J., far\u00e1\u0159, Farn\u00ed \u00fa\u0159ad Bo\u0159islav \u2013 Rozhledy Teplice \u2013 Saller Willibald, Frankfurt\/N\u011bmecko \u2013 Dr.Seiger Helmut, K\u00f6ln\/N\u011bmecko \u2013 Dr. Med. Severa Eva, K\u00f6ln\/N\u011bmecko \u2013 Schee Kurt, Praha, K\u00f6ln\/N\u011bmecko \u2013 Schmidt Anne Bocedasso, Castell\u2018Arquato\/It\u00e1lie &#8211; Schmoeger Rudolf, Praha \u2013 Shmoegerov\u00e1 Bo\u017eena, Praha \u2013&nbsp; Akad. mal\u00ed\u0159 Sion Zby\u0161ek, Praha \u2013 Slivinsk\u00fd Sa\u0161a, K\u00f6ln\/N\u011bmecko \u2013 Ing. Soukup Michal, \u010cesk\u00e9 Bud\u011bjovice \u2013 JUDr. Soukupov\u00e1 Kate\u0159ina, \u010cesk\u00e9 Bud\u011bjovice \u2013 Ing. Arch. \u0160ebek V\u00e1clav, Praha &#8211; \u0160ilhanov\u00e1 D\u00e1\u0161a, Frankfurt\/N\u011bmecko \u2013 \u0160\u00edcha Jan, Praha \u2013 \u0160\u00edchov\u00e1 J., Praha \u2013 Spole\u010dnost Genia Loci, Praha \u2013 Tschietche Josef Resek, Hochdorf\/N\u011bmecko \u2013 Urlinger Heinz, Hanau\/N\u011bmecko \u2013 Zpravodaj Z\u00fcrich\/\u0160v\u00fdcarsko \u2013 \u017dafkov\u00e1 Anna, Teplice<\/p>\n","protected":false},"excerpt":{"rendered":"<p>Sponzo\u0159i Anto\u0161 Jan, starosta Bo\u0159islav \u2013 Antikvari\u00e1t Teplice \u2013 Atelier Praha \u2013 Ing. Balon Karel, B\u00edlka \u2013 Mgr. Barto\u0161kov\u00e1 V\u011bra, Duchcov \u2013 Ing. Bruncl\u00edk Jind\u0159ich, B\u00edlina \u2013 Deutsches Rotes Kreuz, Frankfurt\/NSR \u2013 Den\u00edk Sm\u011br, \u00dast\u00ed nad Labem \u2013 Den\u00edk MF Praha \u2013 PhD. Frost Helena, Indian Wells\/USA \u2013 Frost Jack, Indian Wells\/USA \u2013 Dipl. Ing. &hellip; <a href=\"https:\/\/spolek-bilka.cz\/uvod\/sponzori\/\" class=\"more-link\">Pokra\u010dov\u00e1n\u00ed textu <span class=\"screen-reader-text\">Sponzo\u0159i v\u00fdstavby kaple<\/span><\/a><\/p>\n","protected":false},"author":1,"featured_media":0,"parent":0,"menu_order":0,"comment_status":"closed","ping_status":"closed","template":"","meta":{"ngg_post_thumbnail":0,"footnotes":""},"class_list":["post-684","page","type-page","status-publish","hentry"],"_links":{"self":[{"href":"https:\/\/spolek-bilka.cz\/uvod\/wp-json\/wp\/v2\/pages\/684","targetHints":{"allow":["GET"]}}],"collection":[{"href":"https:\/\/spolek-bilka.cz\/uvod\/wp-json\/wp\/v2\/pages"}],"about":[{"href":"https:\/\/spolek-bilka.cz\/uvod\/wp-json\/wp\/v2\/types\/page"}],"author":[{"embeddable":true,"href":"https:\/\/spolek-bilka.cz\/uvod\/wp-json\/wp\/v2\/users\/1"}],"replies":[{"embeddable":true,"href":"https:\/\/spolek-bilka.cz\/uvod\/wp-json\/wp\/v2\/comments?post=684"}],"version-history":[{"count":2,"href":"https:\/\/spolek-bilka.cz\/uvod\/wp-json\/wp\/v2\/pages\/684\/revisions"}],"predecessor-version":[{"id":687,"href":"https:\/\/spolek-bilka.cz\/uvod\/wp-json\/wp\/v2\/pages\/684\/revisions\/687"}],"wp:attachment":[{"href":"https:\/\/spolek-bilka.cz\/uvod\/wp-json\/wp\/v2\/media?parent=684"}],"curies":[{"name":"wp","href":"https:\/\/api.w.org\/{rel}","templated":true}]}}