{"id":671,"date":"2021-11-28T11:58:55","date_gmt":"2021-11-28T10:58:55","guid":{"rendered":"http:\/\/spolek-bilka.cz\/uvod\/?page_id=671"},"modified":"2022-01-14T18:00:11","modified_gmt":"2022-01-14T17:00:11","slug":"v-bilce-pod-milesovkou-probehla-20-svatovaclavska-slavnost","status":"publish","type":"page","link":"https:\/\/spolek-bilka.cz\/uvod\/v-bilce-pod-milesovkou-probehla-20-svatovaclavska-slavnost\/","title":{"rendered":"V B\u00edlce pod Mile\u0161ovkou prob\u011bhla 21. Svatov\u00e1clavsk\u00e1 slavnost"},"content":{"rendered":"\n<figure class=\"wp-block-image size-full\"><img loading=\"lazy\" decoding=\"async\" width=\"700\" height=\"1500\" src=\"http:\/\/spolek-bilka.cz\/wp-content\/uploads\/2021\/11\/Bilka-Slavnost-Pozvanka-21-cz-1-1-700x1500-1.jpg\" alt=\"\" class=\"wp-image-672\" srcset=\"https:\/\/spolek-bilka.cz\/wp-content\/uploads\/2021\/11\/Bilka-Slavnost-Pozvanka-21-cz-1-1-700x1500-1.jpg 700w, https:\/\/spolek-bilka.cz\/wp-content\/uploads\/2021\/11\/Bilka-Slavnost-Pozvanka-21-cz-1-1-700x1500-1-140x300.jpg 140w\" sizes=\"auto, (max-width: 700px) 100vw, 700px\" \/><\/figure>\n","protected":false},"excerpt":{"rendered":"","protected":false},"author":1,"featured_media":0,"parent":0,"menu_order":0,"comment_status":"closed","ping_status":"closed","template":"","meta":{"ngg_post_thumbnail":0,"footnotes":""},"class_list":["post-671","page","type-page","status-publish","hentry"],"_links":{"self":[{"href":"https:\/\/spolek-bilka.cz\/uvod\/wp-json\/wp\/v2\/pages\/671","targetHints":{"allow":["GET"]}}],"collection":[{"href":"https:\/\/spolek-bilka.cz\/uvod\/wp-json\/wp\/v2\/pages"}],"about":[{"href":"https:\/\/spolek-bilka.cz\/uvod\/wp-json\/wp\/v2\/types\/page"}],"author":[{"embeddable":true,"href":"https:\/\/spolek-bilka.cz\/uvod\/wp-json\/wp\/v2\/users\/1"}],"replies":[{"embeddable":true,"href":"https:\/\/spolek-bilka.cz\/uvod\/wp-json\/wp\/v2\/comments?post=671"}],"version-history":[{"count":2,"href":"https:\/\/spolek-bilka.cz\/uvod\/wp-json\/wp\/v2\/pages\/671\/revisions"}],"predecessor-version":[{"id":677,"href":"https:\/\/spolek-bilka.cz\/uvod\/wp-json\/wp\/v2\/pages\/671\/revisions\/677"}],"wp:attachment":[{"href":"https:\/\/spolek-bilka.cz\/uvod\/wp-json\/wp\/v2\/media?parent=671"}],"curies":[{"name":"wp","href":"https:\/\/api.w.org\/{rel}","templated":true}]}}